{"id":1355,"date":"2022-05-08T04:57:34","date_gmt":"2022-05-08T04:57:34","guid":{"rendered":"https:\/\/www.adnm.net\/international-footprint\/"},"modified":"2022-05-30T19:19:36","modified_gmt":"2022-05-30T19:19:36","slug":"empreinte-internationale","status":"publish","type":"page","link":"https:\/\/www.adnm.net\/fr\/notre-difference\/empreinte-internationale\/","title":{"rendered":"Empreinte internationale"},"content":{"rendered":"\t\t<div data-elementor-type=\"wp-page\" data-elementor-id=\"1355\" class=\"elementor elementor-1355 elementor-1247\">\n\t\t\t\t\t\t<section class=\"elementor-section elementor-top-section elementor-element elementor-element-664206f6 elementor-section-height-min-height elementor-section-boxed elementor-section-height-default elementor-section-items-middle\" data-id=\"664206f6\" data-element_type=\"section\" data-settings=\"{&quot;background_background&quot;:&quot;classic&quot;}\">\n\t\t\t\t\t\t\t<div class=\"elementor-background-overlay\"><\/div>\n\t\t\t\t\t\t\t<div class=\"elementor-container elementor-column-gap-default\">\n\t\t\t\t\t<div class=\"elementor-column elementor-col-100 elementor-top-column elementor-element elementor-element-3638f864\" data-id=\"3638f864\" data-element_type=\"column\">\n\t\t\t<div class=\"elementor-widget-wrap elementor-element-populated\">\n\t\t\t\t\t\t<div class=\"elementor-element elementor-element-25f5acc9 elementor-widget elementor-widget-breadcrumbs\" data-id=\"25f5acc9\" data-element_type=\"widget\" data-widget_type=\"breadcrumbs.default\">\n\t\t\t\t<div class=\"elementor-widget-container\">\n\t\t\t\t\t<p id=\"breadcrumbs\"><span><span><a href=\"https:\/\/www.adnm.net\/fr\/\">ADNM<\/a><\/span><\/span><\/p>\t\t\t\t<\/div>\n\t\t\t\t<\/div>\n\t\t\t\t\t<\/div>\n\t\t<\/div>\n\t\t\t\t\t<\/div>\n\t\t<\/section>\n\t\t\t\t<section class=\"elementor-section elementor-top-section elementor-element elementor-element-5c8f8a0e elementor-section-boxed elementor-section-height-default elementor-section-height-default\" data-id=\"5c8f8a0e\" data-element_type=\"section\">\n\t\t\t\t\t\t<div class=\"elementor-container elementor-column-gap-wider\">\n\t\t\t\t\t<div class=\"elementor-column elementor-col-100 elementor-top-column elementor-element elementor-element-70145297\" data-id=\"70145297\" data-element_type=\"column\">\n\t\t\t<div class=\"elementor-widget-wrap elementor-element-populated\">\n\t\t\t\t\t\t<div class=\"elementor-element elementor-element-5eabd332 elementor-widget elementor-widget-text-editor\" data-id=\"5eabd332\" data-element_type=\"widget\" data-widget_type=\"text-editor.default\">\n\t\t\t\t<div class=\"elementor-widget-container\">\n\t\t\t\t\t\t\t\t\t<p><strong>ADNM<\/strong> est une entreprise internationale bas\u00e9e au <strong>Canada<\/strong>. Avec des bureaux dans le monde entier, nous pouvons communiquer facilement avec nos clients et leur offrir un service adapt\u00e9 en fonction de leur localisation. Notre deuxi\u00e8me bureau aux <strong>\u00c9tats-Unis<\/strong> est un point d&rsquo;ancrage important pour nos clients et partenaires puisqu&rsquo;une grande majorit\u00e9 d&rsquo;entre eux sont situ\u00e9s dans ce pays. Cependant, nous sommes \u00e9galement actifs sur d&rsquo;autres continents comme l&rsquo;<strong>Afrique<\/strong> et l&rsquo;<strong>Europe<\/strong>.<\/p>\n<p><strong>&nbsp;<\/strong><\/p>\t\t\t\t\t\t\t\t<\/div>\n\t\t\t\t<\/div>\n\t\t\t\t<div class=\"elementor-element elementor-element-265241f0 elementor-widget elementor-widget-image\" data-id=\"265241f0\" data-element_type=\"widget\" data-widget_type=\"image.default\">\n\t\t\t\t<div class=\"elementor-widget-container\">\n\t\t\t\t\t\t\t\t\t\t\t\t\t\t\t<img fetchpriority=\"high\" decoding=\"async\" width=\"1000\" height=\"523\" src=\"https:\/\/www.adnm.net\/wp-content\/uploads\/2022\/05\/International-Footprint_1.jpg\" class=\"attachment-full size-full wp-image-1651\" alt=\"\" srcset=\"https:\/\/www.adnm.net\/wp-content\/uploads\/2022\/05\/International-Footprint_1.jpg 1000w, https:\/\/www.adnm.net\/wp-content\/uploads\/2022\/05\/International-Footprint_1-300x157.jpg 300w, https:\/\/www.adnm.net\/wp-content\/uploads\/2022\/05\/International-Footprint_1-768x402.jpg 768w\" sizes=\"(max-width: 1000px) 100vw, 1000px\" \/>\t\t\t\t\t\t\t\t\t\t\t\t\t\t\t<\/div>\n\t\t\t\t<\/div>\n\t\t\t\t<div class=\"elementor-element elementor-element-d360d8c elementor-widget elementor-widget-text-editor\" data-id=\"d360d8c\" data-element_type=\"widget\" data-widget_type=\"text-editor.default\">\n\t\t\t\t<div class=\"elementor-widget-container\">\n\t\t\t\t\t\t\t\t\t<p>Apr\u00e8s plus de 20 ans d&rsquo;activit\u00e9, <strong>ADNM<\/strong> a su exploiter les opportunit\u00e9s et \u00e9voluer dans la bonne direction. Aujourd&rsquo;hui, nous sommes une entreprise florissante qui cherche constamment \u00e0 se d\u00e9velopper \u00e0 l&rsquo;international. Nos clients sont au c\u0153ur de notre strat\u00e9gie et gr\u00e2ce \u00e0 nos partenaires dans le monde entier, nous pouvons satisfaire les besoins de nos clients en fonction de leur localisation.<\/p>\t\t\t\t\t\t\t\t<\/div>\n\t\t\t\t<\/div>\n\t\t\t\t\t<\/div>\n\t\t<\/div>\n\t\t\t\t\t<\/div>\n\t\t<\/section>\n\t\t\t\t<\/div>\n\t\t","protected":false},"excerpt":{"rendered":"<p>ADNM est une entreprise internationale bas\u00e9e au Canada. Avec des bureaux dans le monde entier, nous pouvons communiquer facilement avec nos clients et leur offrir un service adapt\u00e9 en fonction de leur localisation. Notre deuxi\u00e8me bureau aux \u00c9tats-Unis est un point d&rsquo;ancrage important pour nos clients et partenaires puisqu&rsquo;une grande majorit\u00e9 d&rsquo;entre eux sont situ\u00e9s [&hellip;]<\/p>\n","protected":false},"author":1,"featured_media":0,"parent":1376,"menu_order":0,"comment_status":"closed","ping_status":"closed","template":"","meta":{"footnotes":""},"class_list":["post-1355","page","type-page","status-publish","hentry"],"yoast_head":"<!-- This site is optimized with the Yoast SEO plugin v25.4 - https:\/\/yoast.com\/wordpress\/plugins\/seo\/ -->\n<title>Empreinte internationale - ADNM<\/title>\n<meta name=\"robots\" content=\"index, follow, max-snippet:-1, max-image-preview:large, max-video-preview:-1\" \/>\n<link rel=\"canonical\" href=\"https:\/\/www.adnm.net\/fr\/notre-difference\/empreinte-internationale\/\" \/>\n<meta property=\"og:locale\" content=\"fr_FR\" \/>\n<meta property=\"og:type\" content=\"article\" \/>\n<meta property=\"og:title\" content=\"Empreinte internationale - ADNM\" \/>\n<meta property=\"og:description\" content=\"ADNM est une entreprise internationale bas\u00e9e au Canada. Avec des bureaux dans le monde entier, nous pouvons communiquer facilement avec nos clients et leur offrir un service adapt\u00e9 en fonction de leur localisation. Notre deuxi\u00e8me bureau aux \u00c9tats-Unis est un point d&rsquo;ancrage important pour nos clients et partenaires puisqu&rsquo;une grande majorit\u00e9 d&rsquo;entre eux sont situ\u00e9s [&hellip;]\" \/>\n<meta property=\"og:url\" content=\"https:\/\/www.adnm.net\/fr\/notre-difference\/empreinte-internationale\/\" \/>\n<meta property=\"og:site_name\" content=\"ADNM\" \/>\n<meta property=\"article:modified_time\" content=\"2022-05-30T19:19:36+00:00\" \/>\n<meta property=\"og:image\" content=\"https:\/\/www.adnm.net\/wp-content\/uploads\/2022\/05\/International-Footprint_1.jpg\" \/>\n<meta name=\"twitter:card\" content=\"summary_large_image\" \/>\n<meta name=\"twitter:label1\" content=\"Dur\u00e9e de lecture estim\u00e9e\" \/>\n\t<meta name=\"twitter:data1\" content=\"1 minute\" \/>\n<script type=\"application\/ld+json\" class=\"yoast-schema-graph\">{\"@context\":\"https:\/\/schema.org\",\"@graph\":[{\"@type\":\"WebPage\",\"@id\":\"https:\/\/www.adnm.net\/fr\/notre-difference\/empreinte-internationale\/\",\"url\":\"https:\/\/www.adnm.net\/fr\/notre-difference\/empreinte-internationale\/\",\"name\":\"Empreinte internationale - ADNM\",\"isPartOf\":{\"@id\":\"https:\/\/www.adnm.net\/fr\/#website\"},\"primaryImageOfPage\":{\"@id\":\"https:\/\/www.adnm.net\/fr\/notre-difference\/empreinte-internationale\/#primaryimage\"},\"image\":{\"@id\":\"https:\/\/www.adnm.net\/fr\/notre-difference\/empreinte-internationale\/#primaryimage\"},\"thumbnailUrl\":\"https:\/\/www.adnm.net\/wp-content\/uploads\/2022\/05\/International-Footprint_1.jpg\",\"datePublished\":\"2022-05-08T04:57:34+00:00\",\"dateModified\":\"2022-05-30T19:19:36+00:00\",\"breadcrumb\":{\"@id\":\"https:\/\/www.adnm.net\/fr\/notre-difference\/empreinte-internationale\/#breadcrumb\"},\"inLanguage\":\"fr-FR\",\"potentialAction\":[{\"@type\":\"ReadAction\",\"target\":[\"https:\/\/www.adnm.net\/fr\/notre-difference\/empreinte-internationale\/\"]}]},{\"@type\":\"ImageObject\",\"inLanguage\":\"fr-FR\",\"@id\":\"https:\/\/www.adnm.net\/fr\/notre-difference\/empreinte-internationale\/#primaryimage\",\"url\":\"https:\/\/www.adnm.net\/wp-content\/uploads\/2022\/05\/International-Footprint_1.jpg\",\"contentUrl\":\"https:\/\/www.adnm.net\/wp-content\/uploads\/2022\/05\/International-Footprint_1.jpg\"},{\"@type\":\"BreadcrumbList\",\"@id\":\"https:\/\/www.adnm.net\/fr\/notre-difference\/empreinte-internationale\/#breadcrumb\",\"itemListElement\":[{\"@type\":\"ListItem\",\"position\":1,\"name\":\"ADNM\",\"item\":\"https:\/\/www.adnm.net\/fr\/\"},{\"@type\":\"ListItem\",\"position\":2,\"name\":\"Notre diff\u00e9rence\",\"item\":\"https:\/\/www.adnm.net\/fr\/notre-difference\/\"},{\"@type\":\"ListItem\",\"position\":3,\"name\":\"Empreinte internationale\"}]},{\"@type\":\"WebSite\",\"@id\":\"https:\/\/www.adnm.net\/fr\/#website\",\"url\":\"https:\/\/www.adnm.net\/fr\/\",\"name\":\"ADNM\",\"description\":\"\",\"publisher\":{\"@id\":\"https:\/\/www.adnm.net\/fr\/#organization\"},\"potentialAction\":[{\"@type\":\"SearchAction\",\"target\":{\"@type\":\"EntryPoint\",\"urlTemplate\":\"https:\/\/www.adnm.net\/fr\/?s={search_term_string}\"},\"query-input\":{\"@type\":\"PropertyValueSpecification\",\"valueRequired\":true,\"valueName\":\"search_term_string\"}}],\"inLanguage\":\"fr-FR\"},{\"@type\":\"Organization\",\"@id\":\"https:\/\/www.adnm.net\/fr\/#organization\",\"name\":\"ADNM\",\"url\":\"https:\/\/www.adnm.net\/fr\/\",\"logo\":{\"@type\":\"ImageObject\",\"inLanguage\":\"fr-FR\",\"@id\":\"https:\/\/www.adnm.net\/fr\/#\/schema\/logo\/image\/\",\"url\":\"https:\/\/www.adnm.net\/wp-content\/uploads\/2022\/05\/ADNM-blue.png\",\"contentUrl\":\"https:\/\/www.adnm.net\/wp-content\/uploads\/2022\/05\/ADNM-blue.png\",\"width\":1920,\"height\":666,\"caption\":\"ADNM\"},\"image\":{\"@id\":\"https:\/\/www.adnm.net\/fr\/#\/schema\/logo\/image\/\"}}]}<\/script>\n<!-- \/ Yoast SEO plugin. -->","yoast_head_json":{"title":"Empreinte internationale - ADNM","robots":{"index":"index","follow":"follow","max-snippet":"max-snippet:-1","max-image-preview":"max-image-preview:large","max-video-preview":"max-video-preview:-1"},"canonical":"https:\/\/www.adnm.net\/fr\/notre-difference\/empreinte-internationale\/","og_locale":"fr_FR","og_type":"article","og_title":"Empreinte internationale - ADNM","og_description":"ADNM est une entreprise internationale bas\u00e9e au Canada. Avec des bureaux dans le monde entier, nous pouvons communiquer facilement avec nos clients et leur offrir un service adapt\u00e9 en fonction de leur localisation. Notre deuxi\u00e8me bureau aux \u00c9tats-Unis est un point d&rsquo;ancrage important pour nos clients et partenaires puisqu&rsquo;une grande majorit\u00e9 d&rsquo;entre eux sont situ\u00e9s [&hellip;]","og_url":"https:\/\/www.adnm.net\/fr\/notre-difference\/empreinte-internationale\/","og_site_name":"ADNM","article_modified_time":"2022-05-30T19:19:36+00:00","og_image":[{"url":"https:\/\/www.adnm.net\/wp-content\/uploads\/2022\/05\/International-Footprint_1.jpg","type":"","width":"","height":""}],"twitter_card":"summary_large_image","twitter_misc":{"Dur\u00e9e de lecture estim\u00e9e":"1 minute"},"schema":{"@context":"https:\/\/schema.org","@graph":[{"@type":"WebPage","@id":"https:\/\/www.adnm.net\/fr\/notre-difference\/empreinte-internationale\/","url":"https:\/\/www.adnm.net\/fr\/notre-difference\/empreinte-internationale\/","name":"Empreinte internationale - ADNM","isPartOf":{"@id":"https:\/\/www.adnm.net\/fr\/#website"},"primaryImageOfPage":{"@id":"https:\/\/www.adnm.net\/fr\/notre-difference\/empreinte-internationale\/#primaryimage"},"image":{"@id":"https:\/\/www.adnm.net\/fr\/notre-difference\/empreinte-internationale\/#primaryimage"},"thumbnailUrl":"https:\/\/www.adnm.net\/wp-content\/uploads\/2022\/05\/International-Footprint_1.jpg","datePublished":"2022-05-08T04:57:34+00:00","dateModified":"2022-05-30T19:19:36+00:00","breadcrumb":{"@id":"https:\/\/www.adnm.net\/fr\/notre-difference\/empreinte-internationale\/#breadcrumb"},"inLanguage":"fr-FR","potentialAction":[{"@type":"ReadAction","target":["https:\/\/www.adnm.net\/fr\/notre-difference\/empreinte-internationale\/"]}]},{"@type":"ImageObject","inLanguage":"fr-FR","@id":"https:\/\/www.adnm.net\/fr\/notre-difference\/empreinte-internationale\/#primaryimage","url":"https:\/\/www.adnm.net\/wp-content\/uploads\/2022\/05\/International-Footprint_1.jpg","contentUrl":"https:\/\/www.adnm.net\/wp-content\/uploads\/2022\/05\/International-Footprint_1.jpg"},{"@type":"BreadcrumbList","@id":"https:\/\/www.adnm.net\/fr\/notre-difference\/empreinte-internationale\/#breadcrumb","itemListElement":[{"@type":"ListItem","position":1,"name":"ADNM","item":"https:\/\/www.adnm.net\/fr\/"},{"@type":"ListItem","position":2,"name":"Notre diff\u00e9rence","item":"https:\/\/www.adnm.net\/fr\/notre-difference\/"},{"@type":"ListItem","position":3,"name":"Empreinte internationale"}]},{"@type":"WebSite","@id":"https:\/\/www.adnm.net\/fr\/#website","url":"https:\/\/www.adnm.net\/fr\/","name":"ADNM","description":"","publisher":{"@id":"https:\/\/www.adnm.net\/fr\/#organization"},"potentialAction":[{"@type":"SearchAction","target":{"@type":"EntryPoint","urlTemplate":"https:\/\/www.adnm.net\/fr\/?s={search_term_string}"},"query-input":{"@type":"PropertyValueSpecification","valueRequired":true,"valueName":"search_term_string"}}],"inLanguage":"fr-FR"},{"@type":"Organization","@id":"https:\/\/www.adnm.net\/fr\/#organization","name":"ADNM","url":"https:\/\/www.adnm.net\/fr\/","logo":{"@type":"ImageObject","inLanguage":"fr-FR","@id":"https:\/\/www.adnm.net\/fr\/#\/schema\/logo\/image\/","url":"https:\/\/www.adnm.net\/wp-content\/uploads\/2022\/05\/ADNM-blue.png","contentUrl":"https:\/\/www.adnm.net\/wp-content\/uploads\/2022\/05\/ADNM-blue.png","width":1920,"height":666,"caption":"ADNM"},"image":{"@id":"https:\/\/www.adnm.net\/fr\/#\/schema\/logo\/image\/"}}]}},"_links":{"self":[{"href":"https:\/\/www.adnm.net\/fr\/wp-json\/wp\/v2\/pages\/1355","targetHints":{"allow":["GET"]}}],"collection":[{"href":"https:\/\/www.adnm.net\/fr\/wp-json\/wp\/v2\/pages"}],"about":[{"href":"https:\/\/www.adnm.net\/fr\/wp-json\/wp\/v2\/types\/page"}],"author":[{"embeddable":true,"href":"https:\/\/www.adnm.net\/fr\/wp-json\/wp\/v2\/users\/1"}],"replies":[{"embeddable":true,"href":"https:\/\/www.adnm.net\/fr\/wp-json\/wp\/v2\/comments?post=1355"}],"version-history":[{"count":0,"href":"https:\/\/www.adnm.net\/fr\/wp-json\/wp\/v2\/pages\/1355\/revisions"}],"up":[{"embeddable":true,"href":"https:\/\/www.adnm.net\/fr\/wp-json\/wp\/v2\/pages\/1376"}],"wp:attachment":[{"href":"https:\/\/www.adnm.net\/fr\/wp-json\/wp\/v2\/media?parent=1355"}],"curies":[{"name":"wp","href":"https:\/\/api.w.org\/{rel}","templated":true}]}}