{"id":1373,"date":"2022-05-06T23:21:37","date_gmt":"2022-05-06T23:21:37","guid":{"rendered":"https:\/\/www.adnm.net\/distribution-and-logistics\/"},"modified":"2022-05-30T19:29:59","modified_gmt":"2022-05-30T19:29:59","slug":"logistique-distribution","status":"publish","type":"page","link":"https:\/\/www.adnm.net\/fr\/connaissance-de-lindustrie\/logistique-distribution\/","title":{"rendered":"Logistique &#038; Distribution"},"content":{"rendered":"\t\t<div data-elementor-type=\"wp-page\" data-elementor-id=\"1373\" class=\"elementor elementor-1373 elementor-558\">\n\t\t\t\t\t\t<section class=\"elementor-section elementor-top-section elementor-element elementor-element-74269db6 elementor-section-height-min-height elementor-section-boxed elementor-section-height-default elementor-section-items-middle\" data-id=\"74269db6\" data-element_type=\"section\" data-settings=\"{&quot;background_background&quot;:&quot;classic&quot;}\">\n\t\t\t\t\t\t\t<div class=\"elementor-background-overlay\"><\/div>\n\t\t\t\t\t\t\t<div class=\"elementor-container elementor-column-gap-default\">\n\t\t\t\t\t<div class=\"elementor-column elementor-col-100 elementor-top-column elementor-element elementor-element-44c16fd1\" data-id=\"44c16fd1\" data-element_type=\"column\">\n\t\t\t<div class=\"elementor-widget-wrap elementor-element-populated\">\n\t\t\t\t\t\t<div class=\"elementor-element elementor-element-43e35241 elementor-widget elementor-widget-breadcrumbs\" data-id=\"43e35241\" data-element_type=\"widget\" data-widget_type=\"breadcrumbs.default\">\n\t\t\t\t<div class=\"elementor-widget-container\">\n\t\t\t\t\t<p id=\"breadcrumbs\"><span><span><a href=\"https:\/\/www.adnm.net\/fr\/\">ADNM<\/a><\/span><\/span><\/p>\t\t\t\t<\/div>\n\t\t\t\t<\/div>\n\t\t\t\t\t<\/div>\n\t\t<\/div>\n\t\t\t\t\t<\/div>\n\t\t<\/section>\n\t\t\t\t<section class=\"elementor-section elementor-top-section elementor-element elementor-element-253fd7c0 elementor-section-content-middle elementor-section-boxed elementor-section-height-default elementor-section-height-default\" data-id=\"253fd7c0\" data-element_type=\"section\">\n\t\t\t\t\t\t<div class=\"elementor-container elementor-column-gap-wider\">\n\t\t\t\t\t<div class=\"elementor-column elementor-col-50 elementor-top-column elementor-element elementor-element-2de9e743\" data-id=\"2de9e743\" data-element_type=\"column\">\n\t\t\t<div class=\"elementor-widget-wrap elementor-element-populated\">\n\t\t\t\t\t\t<div class=\"elementor-element elementor-element-2fb6a00d elementor-widget elementor-widget-heading\" data-id=\"2fb6a00d\" data-element_type=\"widget\" data-widget_type=\"heading.default\">\n\t\t\t\t<div class=\"elementor-widget-container\">\n\t\t\t\t\t<h2 class=\"elementor-heading-title elementor-size-default\">Devenir plus comp\u00e9titif<\/h2>\t\t\t\t<\/div>\n\t\t\t\t<\/div>\n\t\t\t\t<div class=\"elementor-element elementor-element-20a8ebe8 elementor-widget elementor-widget-text-editor\" data-id=\"20a8ebe8\" data-element_type=\"widget\" data-widget_type=\"text-editor.default\">\n\t\t\t\t<div class=\"elementor-widget-container\">\n\t\t\t\t\t\t\t\t\t<p>Les organisations doivent s\u2019appuyer largement sur leurs solutions technologiques d\u2019entreprise, qui constituent un \u00e9l\u00e9ment essentiel des services centr\u00e9s sur le client et de leur expansion, alors que la concurrence s\u2019intensifie dans le secteur de la distribution et de la logistique.<\/p><p>De plus, les clients continuent de rechercher des technologies totalement int\u00e9gr\u00e9es et plus sophistiqu\u00e9es pour r\u00e9pondre \u00e0 leurs propres besoins. Pour rester ou devenir un leader dans votre secteur, vous devez surmonter ces obstacles en comprenant l\u2019importance d\u2019\u00eatre proactif.<\/p>\t\t\t\t\t\t\t\t<\/div>\n\t\t\t\t<\/div>\n\t\t\t\t\t<\/div>\n\t\t<\/div>\n\t\t\t\t<div class=\"elementor-column elementor-col-50 elementor-top-column elementor-element elementor-element-56fb48da\" data-id=\"56fb48da\" data-element_type=\"column\">\n\t\t\t<div class=\"elementor-widget-wrap elementor-element-populated\">\n\t\t\t\t\t\t<div class=\"elementor-element elementor-element-22eee6cb elementor-widget elementor-widget-image\" data-id=\"22eee6cb\" data-element_type=\"widget\" data-widget_type=\"image.default\">\n\t\t\t\t<div class=\"elementor-widget-container\">\n\t\t\t\t\t\t\t\t\t\t\t\t\t\t\t<img fetchpriority=\"high\" decoding=\"async\" width=\"800\" height=\"534\" src=\"https:\/\/www.adnm.net\/wp-content\/uploads\/2022\/05\/distribution_1_photo.jpg\" class=\"attachment-large size-large wp-image-563\" alt=\"distribution_1_photo\" srcset=\"https:\/\/www.adnm.net\/wp-content\/uploads\/2022\/05\/distribution_1_photo.jpg 900w, https:\/\/www.adnm.net\/wp-content\/uploads\/2022\/05\/distribution_1_photo-300x200.jpg 300w, https:\/\/www.adnm.net\/wp-content\/uploads\/2022\/05\/distribution_1_photo-768x513.jpg 768w\" sizes=\"(max-width: 800px) 100vw, 800px\" \/>\t\t\t\t\t\t\t\t\t\t\t\t\t\t\t<\/div>\n\t\t\t\t<\/div>\n\t\t\t\t\t<\/div>\n\t\t<\/div>\n\t\t\t\t\t<\/div>\n\t\t<\/section>\n\t\t\t\t<section class=\"elementor-section elementor-top-section elementor-element elementor-element-40c890e9 elementor-section-content-middle elementor-section-boxed elementor-section-height-default elementor-section-height-default\" data-id=\"40c890e9\" data-element_type=\"section\">\n\t\t\t\t\t\t<div class=\"elementor-container elementor-column-gap-wider\">\n\t\t\t\t\t<div class=\"elementor-column elementor-col-50 elementor-top-column elementor-element elementor-element-41599875\" data-id=\"41599875\" data-element_type=\"column\">\n\t\t\t<div class=\"elementor-widget-wrap elementor-element-populated\">\n\t\t\t\t\t\t<div class=\"elementor-element elementor-element-488a39dc elementor-widget elementor-widget-image\" data-id=\"488a39dc\" data-element_type=\"widget\" data-widget_type=\"image.default\">\n\t\t\t\t<div class=\"elementor-widget-container\">\n\t\t\t\t\t\t\t\t\t\t\t\t\t\t\t<img decoding=\"async\" width=\"800\" height=\"534\" src=\"https:\/\/www.adnm.net\/wp-content\/uploads\/2022\/05\/distribution_2_photo.jpg\" class=\"attachment-large size-large wp-image-565\" alt=\"distribution_2_photo\" srcset=\"https:\/\/www.adnm.net\/wp-content\/uploads\/2022\/05\/distribution_2_photo.jpg 900w, https:\/\/www.adnm.net\/wp-content\/uploads\/2022\/05\/distribution_2_photo-300x200.jpg 300w, https:\/\/www.adnm.net\/wp-content\/uploads\/2022\/05\/distribution_2_photo-768x513.jpg 768w\" sizes=\"(max-width: 800px) 100vw, 800px\" \/>\t\t\t\t\t\t\t\t\t\t\t\t\t\t\t<\/div>\n\t\t\t\t<\/div>\n\t\t\t\t\t<\/div>\n\t\t<\/div>\n\t\t\t\t<div class=\"elementor-column elementor-col-50 elementor-top-column elementor-element elementor-element-301cc4cd\" data-id=\"301cc4cd\" data-element_type=\"column\">\n\t\t\t<div class=\"elementor-widget-wrap elementor-element-populated\">\n\t\t\t\t\t\t<div class=\"elementor-element elementor-element-5c8b21ac elementor-widget elementor-widget-text-editor\" data-id=\"5c8b21ac\" data-element_type=\"widget\" data-widget_type=\"text-editor.default\">\n\t\t\t\t<div class=\"elementor-widget-container\">\n\t\t\t\t\t\t\t\t\t<p>\nAvec&nbsp;<strong style=\"font-family: var( --e-global-typography-text-font-family ), Sans-serif; font-size: var( --e-global-typography-text-font-size );\"><span style=\"font-size: 13.5pt; line-height: 19.08px; font-family: Roboto; background-image: initial; background-position: initial; background-size: initial; background-repeat: initial; background-attachment: initial; background-origin: initial; background-clip: initial;\">ADNM<\/span><\/strong><span style=\"color: var( --e-global-color-text ); font-family: var( --e-global-typography-text-font-family ), Sans-serif; font-size: var( --e-global-typography-text-font-size ); font-weight: var( --e-global-typography-text-font-weight );\">, vous disposerez des outils pour devenir plus efficace et plus efficient. Cela vous donnera une valeur ajout\u00e9e par rapport \u00e0 vos concurrents. Vos clients seront plus satisfaits et vous obtiendrez plus de reconnaissance dans votre domaine. En r\u00e9sum\u00e9, collaborer avec nous vous donnera une multitude d\u2019avenues radieuses pour l\u2019avenir de votre entreprise.<\/span><\/p>\t\t\t\t\t\t\t\t<\/div>\n\t\t\t\t<\/div>\n\t\t\t\t\t<\/div>\n\t\t<\/div>\n\t\t\t\t\t<\/div>\n\t\t<\/section>\n\t\t\t\t<\/div>\n\t\t","protected":false},"excerpt":{"rendered":"<p>Devenir plus comp\u00e9titif Les organisations doivent s\u2019appuyer largement sur leurs solutions technologiques d\u2019entreprise, qui constituent un \u00e9l\u00e9ment essentiel des services centr\u00e9s sur le client et de leur expansion, alors que la concurrence s\u2019intensifie dans le secteur de la distribution et de la logistique. De plus, les clients continuent de rechercher des technologies totalement int\u00e9gr\u00e9es et [&hellip;]<\/p>\n","protected":false},"author":1,"featured_media":0,"parent":1389,"menu_order":0,"comment_status":"closed","ping_status":"closed","template":"","meta":{"footnotes":""},"class_list":["post-1373","page","type-page","status-publish","hentry"],"yoast_head":"<!-- This site is optimized with the Yoast SEO plugin v25.4 - https:\/\/yoast.com\/wordpress\/plugins\/seo\/ -->\n<title>Logistique &amp; Distribution - ADNM<\/title>\n<meta name=\"robots\" content=\"index, follow, max-snippet:-1, max-image-preview:large, max-video-preview:-1\" \/>\n<link rel=\"canonical\" href=\"https:\/\/www.adnm.net\/fr\/connaissance-de-lindustrie\/logistique-distribution\/\" \/>\n<meta property=\"og:locale\" content=\"fr_FR\" \/>\n<meta property=\"og:type\" content=\"article\" \/>\n<meta property=\"og:title\" content=\"Logistique &amp; Distribution - ADNM\" \/>\n<meta property=\"og:description\" content=\"Devenir plus comp\u00e9titif Les organisations doivent s\u2019appuyer largement sur leurs solutions technologiques d\u2019entreprise, qui constituent un \u00e9l\u00e9ment essentiel des services centr\u00e9s sur le client et de leur expansion, alors que la concurrence s\u2019intensifie dans le secteur de la distribution et de la logistique. De plus, les clients continuent de rechercher des technologies totalement int\u00e9gr\u00e9es et [&hellip;]\" \/>\n<meta property=\"og:url\" content=\"https:\/\/www.adnm.net\/fr\/connaissance-de-lindustrie\/logistique-distribution\/\" \/>\n<meta property=\"og:site_name\" content=\"ADNM\" \/>\n<meta property=\"article:modified_time\" content=\"2022-05-30T19:29:59+00:00\" \/>\n<meta property=\"og:image\" content=\"https:\/\/www.adnm.net\/wp-content\/uploads\/2022\/05\/distribution_1_photo.jpg\" \/>\n<meta name=\"twitter:card\" content=\"summary_large_image\" \/>\n<meta name=\"twitter:label1\" content=\"Dur\u00e9e de lecture estim\u00e9e\" \/>\n\t<meta name=\"twitter:data1\" content=\"2 minutes\" \/>\n<script type=\"application\/ld+json\" class=\"yoast-schema-graph\">{\"@context\":\"https:\/\/schema.org\",\"@graph\":[{\"@type\":\"WebPage\",\"@id\":\"https:\/\/www.adnm.net\/fr\/connaissance-de-lindustrie\/logistique-distribution\/\",\"url\":\"https:\/\/www.adnm.net\/fr\/connaissance-de-lindustrie\/logistique-distribution\/\",\"name\":\"Logistique & Distribution - ADNM\",\"isPartOf\":{\"@id\":\"https:\/\/www.adnm.net\/fr\/#website\"},\"primaryImageOfPage\":{\"@id\":\"https:\/\/www.adnm.net\/fr\/connaissance-de-lindustrie\/logistique-distribution\/#primaryimage\"},\"image\":{\"@id\":\"https:\/\/www.adnm.net\/fr\/connaissance-de-lindustrie\/logistique-distribution\/#primaryimage\"},\"thumbnailUrl\":\"https:\/\/www.adnm.net\/wp-content\/uploads\/2022\/05\/distribution_1_photo.jpg\",\"datePublished\":\"2022-05-06T23:21:37+00:00\",\"dateModified\":\"2022-05-30T19:29:59+00:00\",\"breadcrumb\":{\"@id\":\"https:\/\/www.adnm.net\/fr\/connaissance-de-lindustrie\/logistique-distribution\/#breadcrumb\"},\"inLanguage\":\"fr-FR\",\"potentialAction\":[{\"@type\":\"ReadAction\",\"target\":[\"https:\/\/www.adnm.net\/fr\/connaissance-de-lindustrie\/logistique-distribution\/\"]}]},{\"@type\":\"ImageObject\",\"inLanguage\":\"fr-FR\",\"@id\":\"https:\/\/www.adnm.net\/fr\/connaissance-de-lindustrie\/logistique-distribution\/#primaryimage\",\"url\":\"https:\/\/www.adnm.net\/wp-content\/uploads\/2022\/05\/distribution_1_photo.jpg\",\"contentUrl\":\"https:\/\/www.adnm.net\/wp-content\/uploads\/2022\/05\/distribution_1_photo.jpg\"},{\"@type\":\"BreadcrumbList\",\"@id\":\"https:\/\/www.adnm.net\/fr\/connaissance-de-lindustrie\/logistique-distribution\/#breadcrumb\",\"itemListElement\":[{\"@type\":\"ListItem\",\"position\":1,\"name\":\"ADNM\",\"item\":\"https:\/\/www.adnm.net\/fr\/\"},{\"@type\":\"ListItem\",\"position\":2,\"name\":\"Connaissance de l\u2019industrie\",\"item\":\"https:\/\/www.adnm.net\/fr\/connaissance-de-lindustrie\/\"},{\"@type\":\"ListItem\",\"position\":3,\"name\":\"Logistique &#038; Distribution\"}]},{\"@type\":\"WebSite\",\"@id\":\"https:\/\/www.adnm.net\/fr\/#website\",\"url\":\"https:\/\/www.adnm.net\/fr\/\",\"name\":\"ADNM\",\"description\":\"\",\"publisher\":{\"@id\":\"https:\/\/www.adnm.net\/fr\/#organization\"},\"potentialAction\":[{\"@type\":\"SearchAction\",\"target\":{\"@type\":\"EntryPoint\",\"urlTemplate\":\"https:\/\/www.adnm.net\/fr\/?s={search_term_string}\"},\"query-input\":{\"@type\":\"PropertyValueSpecification\",\"valueRequired\":true,\"valueName\":\"search_term_string\"}}],\"inLanguage\":\"fr-FR\"},{\"@type\":\"Organization\",\"@id\":\"https:\/\/www.adnm.net\/fr\/#organization\",\"name\":\"ADNM\",\"url\":\"https:\/\/www.adnm.net\/fr\/\",\"logo\":{\"@type\":\"ImageObject\",\"inLanguage\":\"fr-FR\",\"@id\":\"https:\/\/www.adnm.net\/fr\/#\/schema\/logo\/image\/\",\"url\":\"https:\/\/www.adnm.net\/wp-content\/uploads\/2022\/05\/ADNM-blue.png\",\"contentUrl\":\"https:\/\/www.adnm.net\/wp-content\/uploads\/2022\/05\/ADNM-blue.png\",\"width\":1920,\"height\":666,\"caption\":\"ADNM\"},\"image\":{\"@id\":\"https:\/\/www.adnm.net\/fr\/#\/schema\/logo\/image\/\"}}]}<\/script>\n<!-- \/ Yoast SEO plugin. -->","yoast_head_json":{"title":"Logistique & Distribution - ADNM","robots":{"index":"index","follow":"follow","max-snippet":"max-snippet:-1","max-image-preview":"max-image-preview:large","max-video-preview":"max-video-preview:-1"},"canonical":"https:\/\/www.adnm.net\/fr\/connaissance-de-lindustrie\/logistique-distribution\/","og_locale":"fr_FR","og_type":"article","og_title":"Logistique & Distribution - ADNM","og_description":"Devenir plus comp\u00e9titif Les organisations doivent s\u2019appuyer largement sur leurs solutions technologiques d\u2019entreprise, qui constituent un \u00e9l\u00e9ment essentiel des services centr\u00e9s sur le client et de leur expansion, alors que la concurrence s\u2019intensifie dans le secteur de la distribution et de la logistique. De plus, les clients continuent de rechercher des technologies totalement int\u00e9gr\u00e9es et [&hellip;]","og_url":"https:\/\/www.adnm.net\/fr\/connaissance-de-lindustrie\/logistique-distribution\/","og_site_name":"ADNM","article_modified_time":"2022-05-30T19:29:59+00:00","og_image":[{"url":"https:\/\/www.adnm.net\/wp-content\/uploads\/2022\/05\/distribution_1_photo.jpg","type":"","width":"","height":""}],"twitter_card":"summary_large_image","twitter_misc":{"Dur\u00e9e de lecture estim\u00e9e":"2 minutes"},"schema":{"@context":"https:\/\/schema.org","@graph":[{"@type":"WebPage","@id":"https:\/\/www.adnm.net\/fr\/connaissance-de-lindustrie\/logistique-distribution\/","url":"https:\/\/www.adnm.net\/fr\/connaissance-de-lindustrie\/logistique-distribution\/","name":"Logistique & Distribution - ADNM","isPartOf":{"@id":"https:\/\/www.adnm.net\/fr\/#website"},"primaryImageOfPage":{"@id":"https:\/\/www.adnm.net\/fr\/connaissance-de-lindustrie\/logistique-distribution\/#primaryimage"},"image":{"@id":"https:\/\/www.adnm.net\/fr\/connaissance-de-lindustrie\/logistique-distribution\/#primaryimage"},"thumbnailUrl":"https:\/\/www.adnm.net\/wp-content\/uploads\/2022\/05\/distribution_1_photo.jpg","datePublished":"2022-05-06T23:21:37+00:00","dateModified":"2022-05-30T19:29:59+00:00","breadcrumb":{"@id":"https:\/\/www.adnm.net\/fr\/connaissance-de-lindustrie\/logistique-distribution\/#breadcrumb"},"inLanguage":"fr-FR","potentialAction":[{"@type":"ReadAction","target":["https:\/\/www.adnm.net\/fr\/connaissance-de-lindustrie\/logistique-distribution\/"]}]},{"@type":"ImageObject","inLanguage":"fr-FR","@id":"https:\/\/www.adnm.net\/fr\/connaissance-de-lindustrie\/logistique-distribution\/#primaryimage","url":"https:\/\/www.adnm.net\/wp-content\/uploads\/2022\/05\/distribution_1_photo.jpg","contentUrl":"https:\/\/www.adnm.net\/wp-content\/uploads\/2022\/05\/distribution_1_photo.jpg"},{"@type":"BreadcrumbList","@id":"https:\/\/www.adnm.net\/fr\/connaissance-de-lindustrie\/logistique-distribution\/#breadcrumb","itemListElement":[{"@type":"ListItem","position":1,"name":"ADNM","item":"https:\/\/www.adnm.net\/fr\/"},{"@type":"ListItem","position":2,"name":"Connaissance de l\u2019industrie","item":"https:\/\/www.adnm.net\/fr\/connaissance-de-lindustrie\/"},{"@type":"ListItem","position":3,"name":"Logistique &#038; Distribution"}]},{"@type":"WebSite","@id":"https:\/\/www.adnm.net\/fr\/#website","url":"https:\/\/www.adnm.net\/fr\/","name":"ADNM","description":"","publisher":{"@id":"https:\/\/www.adnm.net\/fr\/#organization"},"potentialAction":[{"@type":"SearchAction","target":{"@type":"EntryPoint","urlTemplate":"https:\/\/www.adnm.net\/fr\/?s={search_term_string}"},"query-input":{"@type":"PropertyValueSpecification","valueRequired":true,"valueName":"search_term_string"}}],"inLanguage":"fr-FR"},{"@type":"Organization","@id":"https:\/\/www.adnm.net\/fr\/#organization","name":"ADNM","url":"https:\/\/www.adnm.net\/fr\/","logo":{"@type":"ImageObject","inLanguage":"fr-FR","@id":"https:\/\/www.adnm.net\/fr\/#\/schema\/logo\/image\/","url":"https:\/\/www.adnm.net\/wp-content\/uploads\/2022\/05\/ADNM-blue.png","contentUrl":"https:\/\/www.adnm.net\/wp-content\/uploads\/2022\/05\/ADNM-blue.png","width":1920,"height":666,"caption":"ADNM"},"image":{"@id":"https:\/\/www.adnm.net\/fr\/#\/schema\/logo\/image\/"}}]}},"_links":{"self":[{"href":"https:\/\/www.adnm.net\/fr\/wp-json\/wp\/v2\/pages\/1373","targetHints":{"allow":["GET"]}}],"collection":[{"href":"https:\/\/www.adnm.net\/fr\/wp-json\/wp\/v2\/pages"}],"about":[{"href":"https:\/\/www.adnm.net\/fr\/wp-json\/wp\/v2\/types\/page"}],"author":[{"embeddable":true,"href":"https:\/\/www.adnm.net\/fr\/wp-json\/wp\/v2\/users\/1"}],"replies":[{"embeddable":true,"href":"https:\/\/www.adnm.net\/fr\/wp-json\/wp\/v2\/comments?post=1373"}],"version-history":[{"count":0,"href":"https:\/\/www.adnm.net\/fr\/wp-json\/wp\/v2\/pages\/1373\/revisions"}],"up":[{"embeddable":true,"href":"https:\/\/www.adnm.net\/fr\/wp-json\/wp\/v2\/pages\/1389"}],"wp:attachment":[{"href":"https:\/\/www.adnm.net\/fr\/wp-json\/wp\/v2\/media?parent=1373"}],"curies":[{"name":"wp","href":"https:\/\/api.w.org\/{rel}","templated":true}]}}