{"id":1387,"date":"2022-05-06T05:44:41","date_gmt":"2022-05-06T05:44:41","guid":{"rendered":"https:\/\/www.adnm.net\/cloud-managed-services\/self-service-licensing-portal\/"},"modified":"2022-05-30T18:22:56","modified_gmt":"2022-05-30T18:22:56","slug":"portail-de-licences-en-libre-service","status":"publish","type":"page","link":"https:\/\/www.adnm.net\/fr\/produits-et-services\/services-infonuagiques\/portail-de-licences-en-libre-service\/","title":{"rendered":"Portail de licences en libre-service"},"content":{"rendered":"\t\t<div data-elementor-type=\"wp-page\" data-elementor-id=\"1387\" class=\"elementor elementor-1387 elementor-151\">\n\t\t\t\t\t\t<section class=\"elementor-section elementor-top-section elementor-element elementor-element-12c0f4da elementor-section-height-min-height elementor-section-boxed elementor-section-height-default elementor-section-items-middle\" data-id=\"12c0f4da\" data-element_type=\"section\" data-settings=\"{&quot;background_background&quot;:&quot;classic&quot;}\">\n\t\t\t\t\t\t\t<div class=\"elementor-background-overlay\"><\/div>\n\t\t\t\t\t\t\t<div class=\"elementor-container elementor-column-gap-default\">\n\t\t\t\t\t<div class=\"elementor-column elementor-col-100 elementor-top-column elementor-element elementor-element-6d701ffa\" data-id=\"6d701ffa\" data-element_type=\"column\">\n\t\t\t<div class=\"elementor-widget-wrap elementor-element-populated\">\n\t\t\t\t\t\t<div class=\"elementor-element elementor-element-62ebd89a elementor-widget elementor-widget-breadcrumbs\" data-id=\"62ebd89a\" data-element_type=\"widget\" data-widget_type=\"breadcrumbs.default\">\n\t\t\t\t<div class=\"elementor-widget-container\">\n\t\t\t\t\t<p id=\"breadcrumbs\"><span><span><a href=\"https:\/\/www.adnm.net\/fr\/\">ADNM<\/a><\/span><\/span><\/p>\t\t\t\t<\/div>\n\t\t\t\t<\/div>\n\t\t\t\t\t<\/div>\n\t\t<\/div>\n\t\t\t\t\t<\/div>\n\t\t<\/section>\n\t\t\t\t<section class=\"elementor-section elementor-top-section elementor-element elementor-element-6e0eb6f7 elementor-section-boxed elementor-section-height-default elementor-section-height-default\" data-id=\"6e0eb6f7\" data-element_type=\"section\">\n\t\t\t\t\t\t<div class=\"elementor-container elementor-column-gap-wider\">\n\t\t\t\t\t<div class=\"elementor-column elementor-col-100 elementor-top-column elementor-element elementor-element-d7e5ffd\" data-id=\"d7e5ffd\" data-element_type=\"column\">\n\t\t\t<div class=\"elementor-widget-wrap elementor-element-populated\">\n\t\t\t\t\t\t<div class=\"elementor-element elementor-element-a890036 elementor-widget elementor-widget-heading\" data-id=\"a890036\" data-element_type=\"widget\" data-widget_type=\"heading.default\">\n\t\t\t\t<div class=\"elementor-widget-container\">\n\t\t\t\t\t<h2 class=\"elementor-heading-title elementor-size-default\">Une plateforme pour favoriser votre autonomie<\/h2>\t\t\t\t<\/div>\n\t\t\t\t<\/div>\n\t\t\t\t<div class=\"elementor-element elementor-element-f82584f elementor-widget elementor-widget-text-editor\" data-id=\"f82584f\" data-element_type=\"widget\" data-widget_type=\"text-editor.default\">\n\t\t\t\t<div class=\"elementor-widget-container\">\n\t\t\t\t\t\t\t\t\t<p>Le portail que nous avons mis en place vous donne acc\u00e8s \u00e0 la gestion de vos produits <strong>Microsoft<\/strong>. Cette plateforme vous donne la possibilit\u00e9 de consulter et de modifier vos licences en un seul clic. Vous pouvez ainsi garder le contr\u00f4le et ainsi mieux organiser vos budgets.<\/p>\t\t\t\t\t\t\t\t<\/div>\n\t\t\t\t<\/div>\n\t\t\t\t<div class=\"elementor-element elementor-element-24b8737 elementor-widget elementor-widget-heading\" data-id=\"24b8737\" data-element_type=\"widget\" data-widget_type=\"heading.default\">\n\t\t\t\t<div class=\"elementor-widget-container\">\n\t\t\t\t\t<h2 class=\"elementor-heading-title elementor-size-default\">Nos principaux services<\/h2>\t\t\t\t<\/div>\n\t\t\t\t<\/div>\n\t\t\t\t<div class=\"elementor-element elementor-element-4d26003 elementor-widget elementor-widget-text-editor\" data-id=\"4d26003\" data-element_type=\"widget\" data-widget_type=\"text-editor.default\">\n\t\t\t\t<div class=\"elementor-widget-container\">\n\t\t\t\t\t\t\t\t\t<p>Le portail est un outil facile d\u2019utilisation, qui vous donne l\u2019occasion de :<\/p>\t\t\t\t\t\t\t\t<\/div>\n\t\t\t\t<\/div>\n\t\t\t\t<section class=\"elementor-section elementor-inner-section elementor-element elementor-element-9cc4058 elementor-section-boxed elementor-section-height-default elementor-section-height-default\" data-id=\"9cc4058\" data-element_type=\"section\">\n\t\t\t\t\t\t<div class=\"elementor-container elementor-column-gap-default\">\n\t\t\t\t\t<div class=\"elementor-column elementor-col-50 elementor-inner-column elementor-element elementor-element-e99d5da\" data-id=\"e99d5da\" data-element_type=\"column\">\n\t\t\t<div class=\"elementor-widget-wrap elementor-element-populated\">\n\t\t\t\t\t\t<div class=\"elementor-element elementor-element-97a1c4e elementor-icon-list--layout-traditional elementor-list-item-link-full_width elementor-widget elementor-widget-icon-list\" data-id=\"97a1c4e\" data-element_type=\"widget\" data-widget_type=\"icon-list.default\">\n\t\t\t\t<div class=\"elementor-widget-container\">\n\t\t\t\t\t\t\t<ul class=\"elementor-icon-list-items\">\n\t\t\t\t\t\t\t<li class=\"elementor-icon-list-item\">\n\t\t\t\t\t\t\t\t\t\t\t<span class=\"elementor-icon-list-icon\">\n\t\t\t\t\t\t\t<i aria-hidden=\"true\" class=\"fas fa-check-circle\"><\/i>\t\t\t\t\t\t<\/span>\n\t\t\t\t\t\t\t\t\t\t<span class=\"elementor-icon-list-text\"><p><b>Recevoir une assistance personnalis\u00e9e<\/b><\/p> <p>Nos \u00e9quipes sont d\u00e9di\u00e9es \u00e0 vous offrir un soutien en tout temps.<\/p><\/span>\n\t\t\t\t\t\t\t\t\t<\/li>\n\t\t\t\t\t\t\t\t<li class=\"elementor-icon-list-item\">\n\t\t\t\t\t\t\t\t\t\t\t<span class=\"elementor-icon-list-icon\">\n\t\t\t\t\t\t\t<i aria-hidden=\"true\" class=\"fas fa-check-circle\"><\/i>\t\t\t\t\t\t<\/span>\n\t\t\t\t\t\t\t\t\t\t<span class=\"elementor-icon-list-text\"><p><b>Respecter vos budgets<\/b><\/p> <p> La plateforme vous donne acc\u00e8s \u00e0 une vue globale des produits que vous utilisez ainsi que leur utilisation. Une option de personnalisation du portail est disponible pour vous envoyer des alertes lorsque vous arrivez \u00e0 la limite que vous avez fix\u00e9e. Ainsi, votre budget ne sera jamais d\u00e9pass\u00e9. <\/p><\/span>\n\t\t\t\t\t\t\t\t\t<\/li>\n\t\t\t\t\t\t<\/ul>\n\t\t\t\t\t\t<\/div>\n\t\t\t\t<\/div>\n\t\t\t\t\t<\/div>\n\t\t<\/div>\n\t\t\t\t<div class=\"elementor-column elementor-col-50 elementor-inner-column elementor-element elementor-element-195e0ec\" data-id=\"195e0ec\" data-element_type=\"column\">\n\t\t\t<div class=\"elementor-widget-wrap elementor-element-populated\">\n\t\t\t\t\t\t<div class=\"elementor-element elementor-element-ce90c17 elementor-icon-list--layout-traditional elementor-list-item-link-full_width elementor-widget elementor-widget-icon-list\" data-id=\"ce90c17\" data-element_type=\"widget\" data-widget_type=\"icon-list.default\">\n\t\t\t\t<div class=\"elementor-widget-container\">\n\t\t\t\t\t\t\t<ul class=\"elementor-icon-list-items\">\n\t\t\t\t\t\t\t<li class=\"elementor-icon-list-item\">\n\t\t\t\t\t\t\t\t\t\t\t<span class=\"elementor-icon-list-icon\">\n\t\t\t\t\t\t\t<i aria-hidden=\"true\" class=\"fas fa-check-circle\"><\/i>\t\t\t\t\t\t<\/span>\n\t\t\t\t\t\t\t\t\t\t<span class=\"elementor-icon-list-text\"><p><b>G\u00e9rer vos licences et votre consommation<\/b><\/p> <p>Gr\u00e2ce au menu principal, prenez connaissance de votre consommation des produits <strong>Microsoft<\/strong> inclut dans votre compte. Selon les besoins de votre entreprise \u00e0 un moment cl\u00e9, vous pouvez ajouter\/supprimer les licences directement depuis le portail.<\/p><\/span>\n\t\t\t\t\t\t\t\t\t<\/li>\n\t\t\t\t\t\t<\/ul>\n\t\t\t\t\t\t<\/div>\n\t\t\t\t<\/div>\n\t\t\t\t\t<\/div>\n\t\t<\/div>\n\t\t\t\t\t<\/div>\n\t\t<\/section>\n\t\t\t\t<div class=\"elementor-element elementor-element-c6554bd elementor-widget elementor-widget-button\" data-id=\"c6554bd\" data-element_type=\"widget\" data-widget_type=\"button.default\">\n\t\t\t\t<div class=\"elementor-widget-container\">\n\t\t\t\t\t\t\t\t\t<div class=\"elementor-button-wrapper\">\n\t\t\t\t\t<a class=\"elementor-button elementor-button-link elementor-size-sm\" href=\"https:\/\/www.adnm.net\/fr\/contact\/\">\n\t\t\t\t\t\t<span class=\"elementor-button-content-wrapper\">\n\t\t\t\t\t\t\t\t\t<span class=\"elementor-button-text\">Demandez une d\u00e9monstration<\/span>\n\t\t\t\t\t<\/span>\n\t\t\t\t\t<\/a>\n\t\t\t\t<\/div>\n\t\t\t\t\t\t\t\t<\/div>\n\t\t\t\t<\/div>\n\t\t\t\t\t<\/div>\n\t\t<\/div>\n\t\t\t\t\t<\/div>\n\t\t<\/section>\n\t\t\t\t<\/div>\n\t\t","protected":false},"excerpt":{"rendered":"<p>Une plateforme pour favoriser votre autonomie Le portail que nous avons mis en place vous donne acc\u00e8s \u00e0 la gestion de vos produits Microsoft. Cette plateforme vous donne la possibilit\u00e9 de consulter et de modifier vos licences en un seul clic. Vous pouvez ainsi garder le contr\u00f4le et ainsi mieux organiser vos budgets. Nos principaux [&hellip;]<\/p>\n","protected":false},"author":1,"featured_media":0,"parent":1377,"menu_order":0,"comment_status":"closed","ping_status":"closed","template":"","meta":{"footnotes":""},"class_list":["post-1387","page","type-page","status-publish","hentry"],"yoast_head":"<!-- This site is optimized with the Yoast SEO plugin v25.4 - https:\/\/yoast.com\/wordpress\/plugins\/seo\/ -->\n<title>Portail de licences en libre-service - ADNM<\/title>\n<meta name=\"robots\" content=\"index, follow, max-snippet:-1, max-image-preview:large, max-video-preview:-1\" \/>\n<link rel=\"canonical\" href=\"https:\/\/www.adnm.net\/fr\/produits-et-services\/services-infonuagiques\/portail-de-licences-en-libre-service\/\" \/>\n<meta property=\"og:locale\" content=\"fr_FR\" \/>\n<meta property=\"og:type\" content=\"article\" \/>\n<meta property=\"og:title\" content=\"Portail de licences en libre-service - ADNM\" \/>\n<meta property=\"og:description\" content=\"Une plateforme pour favoriser votre autonomie Le portail que nous avons mis en place vous donne acc\u00e8s \u00e0 la gestion de vos produits Microsoft. Cette plateforme vous donne la possibilit\u00e9 de consulter et de modifier vos licences en un seul clic. Vous pouvez ainsi garder le contr\u00f4le et ainsi mieux organiser vos budgets. Nos principaux [&hellip;]\" \/>\n<meta property=\"og:url\" content=\"https:\/\/www.adnm.net\/fr\/produits-et-services\/services-infonuagiques\/portail-de-licences-en-libre-service\/\" \/>\n<meta property=\"og:site_name\" content=\"ADNM\" \/>\n<meta property=\"article:modified_time\" content=\"2022-05-30T18:22:56+00:00\" \/>\n<meta name=\"twitter:card\" content=\"summary_large_image\" \/>\n<meta name=\"twitter:label1\" content=\"Dur\u00e9e de lecture estim\u00e9e\" \/>\n\t<meta name=\"twitter:data1\" content=\"1 minute\" \/>\n<script type=\"application\/ld+json\" class=\"yoast-schema-graph\">{\"@context\":\"https:\/\/schema.org\",\"@graph\":[{\"@type\":\"WebPage\",\"@id\":\"https:\/\/www.adnm.net\/fr\/produits-et-services\/services-infonuagiques\/portail-de-licences-en-libre-service\/\",\"url\":\"https:\/\/www.adnm.net\/fr\/produits-et-services\/services-infonuagiques\/portail-de-licences-en-libre-service\/\",\"name\":\"Portail de licences en libre-service - ADNM\",\"isPartOf\":{\"@id\":\"https:\/\/www.adnm.net\/fr\/#website\"},\"datePublished\":\"2022-05-06T05:44:41+00:00\",\"dateModified\":\"2022-05-30T18:22:56+00:00\",\"breadcrumb\":{\"@id\":\"https:\/\/www.adnm.net\/fr\/produits-et-services\/services-infonuagiques\/portail-de-licences-en-libre-service\/#breadcrumb\"},\"inLanguage\":\"fr-FR\",\"potentialAction\":[{\"@type\":\"ReadAction\",\"target\":[\"https:\/\/www.adnm.net\/fr\/produits-et-services\/services-infonuagiques\/portail-de-licences-en-libre-service\/\"]}]},{\"@type\":\"BreadcrumbList\",\"@id\":\"https:\/\/www.adnm.net\/fr\/produits-et-services\/services-infonuagiques\/portail-de-licences-en-libre-service\/#breadcrumb\",\"itemListElement\":[{\"@type\":\"ListItem\",\"position\":1,\"name\":\"ADNM\",\"item\":\"https:\/\/www.adnm.net\/fr\/\"},{\"@type\":\"ListItem\",\"position\":2,\"name\":\"Produits &#038; services\",\"item\":\"https:\/\/www.adnm.net\/fr\/produits-et-services\/\"},{\"@type\":\"ListItem\",\"position\":3,\"name\":\"Services infonuagiques\",\"item\":\"https:\/\/www.adnm.net\/fr\/produits-et-services\/services-infonuagiques\/\"},{\"@type\":\"ListItem\",\"position\":4,\"name\":\"Portail de licences en libre-service\"}]},{\"@type\":\"WebSite\",\"@id\":\"https:\/\/www.adnm.net\/fr\/#website\",\"url\":\"https:\/\/www.adnm.net\/fr\/\",\"name\":\"ADNM\",\"description\":\"\",\"publisher\":{\"@id\":\"https:\/\/www.adnm.net\/fr\/#organization\"},\"potentialAction\":[{\"@type\":\"SearchAction\",\"target\":{\"@type\":\"EntryPoint\",\"urlTemplate\":\"https:\/\/www.adnm.net\/fr\/?s={search_term_string}\"},\"query-input\":{\"@type\":\"PropertyValueSpecification\",\"valueRequired\":true,\"valueName\":\"search_term_string\"}}],\"inLanguage\":\"fr-FR\"},{\"@type\":\"Organization\",\"@id\":\"https:\/\/www.adnm.net\/fr\/#organization\",\"name\":\"ADNM\",\"url\":\"https:\/\/www.adnm.net\/fr\/\",\"logo\":{\"@type\":\"ImageObject\",\"inLanguage\":\"fr-FR\",\"@id\":\"https:\/\/www.adnm.net\/fr\/#\/schema\/logo\/image\/\",\"url\":\"https:\/\/www.adnm.net\/wp-content\/uploads\/2022\/05\/ADNM-blue.png\",\"contentUrl\":\"https:\/\/www.adnm.net\/wp-content\/uploads\/2022\/05\/ADNM-blue.png\",\"width\":1920,\"height\":666,\"caption\":\"ADNM\"},\"image\":{\"@id\":\"https:\/\/www.adnm.net\/fr\/#\/schema\/logo\/image\/\"}}]}<\/script>\n<!-- \/ Yoast SEO plugin. -->","yoast_head_json":{"title":"Portail de licences en libre-service - ADNM","robots":{"index":"index","follow":"follow","max-snippet":"max-snippet:-1","max-image-preview":"max-image-preview:large","max-video-preview":"max-video-preview:-1"},"canonical":"https:\/\/www.adnm.net\/fr\/produits-et-services\/services-infonuagiques\/portail-de-licences-en-libre-service\/","og_locale":"fr_FR","og_type":"article","og_title":"Portail de licences en libre-service - ADNM","og_description":"Une plateforme pour favoriser votre autonomie Le portail que nous avons mis en place vous donne acc\u00e8s \u00e0 la gestion de vos produits Microsoft. Cette plateforme vous donne la possibilit\u00e9 de consulter et de modifier vos licences en un seul clic. Vous pouvez ainsi garder le contr\u00f4le et ainsi mieux organiser vos budgets. Nos principaux [&hellip;]","og_url":"https:\/\/www.adnm.net\/fr\/produits-et-services\/services-infonuagiques\/portail-de-licences-en-libre-service\/","og_site_name":"ADNM","article_modified_time":"2022-05-30T18:22:56+00:00","twitter_card":"summary_large_image","twitter_misc":{"Dur\u00e9e de lecture estim\u00e9e":"1 minute"},"schema":{"@context":"https:\/\/schema.org","@graph":[{"@type":"WebPage","@id":"https:\/\/www.adnm.net\/fr\/produits-et-services\/services-infonuagiques\/portail-de-licences-en-libre-service\/","url":"https:\/\/www.adnm.net\/fr\/produits-et-services\/services-infonuagiques\/portail-de-licences-en-libre-service\/","name":"Portail de licences en libre-service - ADNM","isPartOf":{"@id":"https:\/\/www.adnm.net\/fr\/#website"},"datePublished":"2022-05-06T05:44:41+00:00","dateModified":"2022-05-30T18:22:56+00:00","breadcrumb":{"@id":"https:\/\/www.adnm.net\/fr\/produits-et-services\/services-infonuagiques\/portail-de-licences-en-libre-service\/#breadcrumb"},"inLanguage":"fr-FR","potentialAction":[{"@type":"ReadAction","target":["https:\/\/www.adnm.net\/fr\/produits-et-services\/services-infonuagiques\/portail-de-licences-en-libre-service\/"]}]},{"@type":"BreadcrumbList","@id":"https:\/\/www.adnm.net\/fr\/produits-et-services\/services-infonuagiques\/portail-de-licences-en-libre-service\/#breadcrumb","itemListElement":[{"@type":"ListItem","position":1,"name":"ADNM","item":"https:\/\/www.adnm.net\/fr\/"},{"@type":"ListItem","position":2,"name":"Produits &#038; services","item":"https:\/\/www.adnm.net\/fr\/produits-et-services\/"},{"@type":"ListItem","position":3,"name":"Services infonuagiques","item":"https:\/\/www.adnm.net\/fr\/produits-et-services\/services-infonuagiques\/"},{"@type":"ListItem","position":4,"name":"Portail de licences en libre-service"}]},{"@type":"WebSite","@id":"https:\/\/www.adnm.net\/fr\/#website","url":"https:\/\/www.adnm.net\/fr\/","name":"ADNM","description":"","publisher":{"@id":"https:\/\/www.adnm.net\/fr\/#organization"},"potentialAction":[{"@type":"SearchAction","target":{"@type":"EntryPoint","urlTemplate":"https:\/\/www.adnm.net\/fr\/?s={search_term_string}"},"query-input":{"@type":"PropertyValueSpecification","valueRequired":true,"valueName":"search_term_string"}}],"inLanguage":"fr-FR"},{"@type":"Organization","@id":"https:\/\/www.adnm.net\/fr\/#organization","name":"ADNM","url":"https:\/\/www.adnm.net\/fr\/","logo":{"@type":"ImageObject","inLanguage":"fr-FR","@id":"https:\/\/www.adnm.net\/fr\/#\/schema\/logo\/image\/","url":"https:\/\/www.adnm.net\/wp-content\/uploads\/2022\/05\/ADNM-blue.png","contentUrl":"https:\/\/www.adnm.net\/wp-content\/uploads\/2022\/05\/ADNM-blue.png","width":1920,"height":666,"caption":"ADNM"},"image":{"@id":"https:\/\/www.adnm.net\/fr\/#\/schema\/logo\/image\/"}}]}},"_links":{"self":[{"href":"https:\/\/www.adnm.net\/fr\/wp-json\/wp\/v2\/pages\/1387","targetHints":{"allow":["GET"]}}],"collection":[{"href":"https:\/\/www.adnm.net\/fr\/wp-json\/wp\/v2\/pages"}],"about":[{"href":"https:\/\/www.adnm.net\/fr\/wp-json\/wp\/v2\/types\/page"}],"author":[{"embeddable":true,"href":"https:\/\/www.adnm.net\/fr\/wp-json\/wp\/v2\/users\/1"}],"replies":[{"embeddable":true,"href":"https:\/\/www.adnm.net\/fr\/wp-json\/wp\/v2\/comments?post=1387"}],"version-history":[{"count":0,"href":"https:\/\/www.adnm.net\/fr\/wp-json\/wp\/v2\/pages\/1387\/revisions"}],"up":[{"embeddable":true,"href":"https:\/\/www.adnm.net\/fr\/wp-json\/wp\/v2\/pages\/1377"}],"wp:attachment":[{"href":"https:\/\/www.adnm.net\/fr\/wp-json\/wp\/v2\/media?parent=1387"}],"curies":[{"name":"wp","href":"https:\/\/api.w.org\/{rel}","templated":true}]}}