{"id":1389,"date":"2022-05-06T05:15:57","date_gmt":"2022-05-06T05:15:57","guid":{"rendered":"https:\/\/www.adnm.net\/industry-knowledge\/"},"modified":"2022-05-09T07:06:41","modified_gmt":"2022-05-09T07:06:41","slug":"connaissance-de-lindustrie","status":"publish","type":"page","link":"https:\/\/www.adnm.net\/fr\/connaissance-de-lindustrie\/","title":{"rendered":"Connaissance de l\u2019industrie"},"content":{"rendered":"\t\t<div data-elementor-type=\"wp-page\" data-elementor-id=\"1389\" class=\"elementor elementor-1389 elementor-103\">\n\t\t\t\t\t\t<section class=\"elementor-section elementor-top-section elementor-element elementor-element-b4bfada elementor-section-height-min-height elementor-section-boxed elementor-section-height-default elementor-section-items-middle\" data-id=\"b4bfada\" data-element_type=\"section\" data-settings=\"{&quot;background_background&quot;:&quot;classic&quot;}\">\n\t\t\t\t\t\t\t<div class=\"elementor-background-overlay\"><\/div>\n\t\t\t\t\t\t\t<div class=\"elementor-container elementor-column-gap-default\">\n\t\t\t\t\t<div class=\"elementor-column elementor-col-100 elementor-top-column elementor-element elementor-element-fc31494\" data-id=\"fc31494\" data-element_type=\"column\">\n\t\t\t<div class=\"elementor-widget-wrap elementor-element-populated\">\n\t\t\t\t\t\t<div class=\"elementor-element elementor-element-b1fcfe6 elementor-widget elementor-widget-breadcrumbs\" data-id=\"b1fcfe6\" data-element_type=\"widget\" data-widget_type=\"breadcrumbs.default\">\n\t\t\t\t<div class=\"elementor-widget-container\">\n\t\t\t\t\t<p id=\"breadcrumbs\"><span><span><a href=\"https:\/\/www.adnm.net\/fr\/\">ADNM<\/a><\/span><\/span><\/p>\t\t\t\t<\/div>\n\t\t\t\t<\/div>\n\t\t\t\t\t<\/div>\n\t\t<\/div>\n\t\t\t\t\t<\/div>\n\t\t<\/section>\n\t\t\t\t<section class=\"elementor-section elementor-top-section elementor-element elementor-element-69dc97c elementor-section-content-middle elementor-section-boxed elementor-section-height-default elementor-section-height-default\" data-id=\"69dc97c\" data-element_type=\"section\">\n\t\t\t\t\t\t<div class=\"elementor-container elementor-column-gap-wider\">\n\t\t\t\t\t<div class=\"elementor-column elementor-col-50 elementor-top-column elementor-element elementor-element-7dd6a8d\" data-id=\"7dd6a8d\" data-element_type=\"column\">\n\t\t\t<div class=\"elementor-widget-wrap elementor-element-populated\">\n\t\t\t\t\t\t<div class=\"elementor-element elementor-element-4d58107 elementor-widget elementor-widget-heading\" data-id=\"4d58107\" data-element_type=\"widget\" data-widget_type=\"heading.default\">\n\t\t\t\t<div class=\"elementor-widget-container\">\n\t\t\t\t\t<h2 class=\"elementor-heading-title elementor-size-default\">Leader du march\u00e9<\/h2>\t\t\t\t<\/div>\n\t\t\t\t<\/div>\n\t\t\t\t<div class=\"elementor-element elementor-element-19c653a elementor-widget elementor-widget-text-editor\" data-id=\"19c653a\" data-element_type=\"widget\" data-widget_type=\"text-editor.default\">\n\t\t\t\t<div class=\"elementor-widget-container\">\n\t\t\t\t\t\t\t\t\t<p>Nous connaissons et comprenons le secteur car nous aidons de nombreux clients de diff\u00e9rents domaines \u00e0 atteindre leurs objectifs. Notre connaissance de l\u2019industrie comprend les processus essentiels et les \u00e9quipements sp\u00e9cifiques dont les entreprises ont besoin pour fonctionner dans les meilleures conditions. Comme nous avons une exp\u00e9rience pr\u00e9alable, nous pouvons facilement satisfaire nos clients en les aidant \u00e0 prendre des d\u00e9cisions plus \u00e9clair\u00e9es.<\/p>\t\t\t\t\t\t\t\t<\/div>\n\t\t\t\t<\/div>\n\t\t\t\t\t<\/div>\n\t\t<\/div>\n\t\t\t\t<div class=\"elementor-column elementor-col-50 elementor-top-column elementor-element elementor-element-2c941dd\" data-id=\"2c941dd\" data-element_type=\"column\">\n\t\t\t<div class=\"elementor-widget-wrap elementor-element-populated\">\n\t\t\t\t\t\t<div class=\"elementor-element elementor-element-a49dd17 elementor-widget elementor-widget-image\" data-id=\"a49dd17\" data-element_type=\"widget\" data-widget_type=\"image.default\">\n\t\t\t\t<div class=\"elementor-widget-container\">\n\t\t\t\t\t\t\t\t\t\t\t\t\t\t\t<img fetchpriority=\"high\" decoding=\"async\" width=\"800\" height=\"561\" src=\"https:\/\/www.adnm.net\/wp-content\/uploads\/2022\/05\/industry_knowledge_photo-1024x718.webp\" class=\"attachment-large size-large wp-image-126\" alt=\"industry_knowledge_photo\" srcset=\"https:\/\/www.adnm.net\/wp-content\/uploads\/2022\/05\/industry_knowledge_photo-1024x718.webp 1024w, https:\/\/www.adnm.net\/wp-content\/uploads\/2022\/05\/industry_knowledge_photo-300x210.webp 300w, https:\/\/www.adnm.net\/wp-content\/uploads\/2022\/05\/industry_knowledge_photo-768x538.webp 768w, https:\/\/www.adnm.net\/wp-content\/uploads\/2022\/05\/industry_knowledge_photo.webp 1502w\" sizes=\"(max-width: 800px) 100vw, 800px\" \/>\t\t\t\t\t\t\t\t\t\t\t\t\t\t\t<\/div>\n\t\t\t\t<\/div>\n\t\t\t\t\t<\/div>\n\t\t<\/div>\n\t\t\t\t\t<\/div>\n\t\t<\/section>\n\t\t\t\t<section class=\"elementor-section elementor-top-section elementor-element elementor-element-48a2720 elementor-section-content-middle elementor-section-boxed elementor-section-height-default elementor-section-height-default\" data-id=\"48a2720\" data-element_type=\"section\">\n\t\t\t\t\t\t<div class=\"elementor-container elementor-column-gap-wider\">\n\t\t\t\t\t<div class=\"elementor-column elementor-col-50 elementor-top-column elementor-element elementor-element-0fdbe35\" data-id=\"0fdbe35\" data-element_type=\"column\">\n\t\t\t<div class=\"elementor-widget-wrap elementor-element-populated\">\n\t\t\t\t\t\t<div class=\"elementor-element elementor-element-21aafa7 elementor-widget elementor-widget-image\" data-id=\"21aafa7\" data-element_type=\"widget\" data-widget_type=\"image.default\">\n\t\t\t\t<div class=\"elementor-widget-container\">\n\t\t\t\t\t\t\t\t\t\t\t\t\t\t\t<img decoding=\"async\" width=\"800\" height=\"534\" src=\"https:\/\/www.adnm.net\/wp-content\/uploads\/2022\/05\/business-men-on-the-structure.webp\" class=\"attachment-large size-large wp-image-128\" alt=\"\" srcset=\"https:\/\/www.adnm.net\/wp-content\/uploads\/2022\/05\/business-men-on-the-structure.webp 900w, https:\/\/www.adnm.net\/wp-content\/uploads\/2022\/05\/business-men-on-the-structure-300x200.webp 300w, https:\/\/www.adnm.net\/wp-content\/uploads\/2022\/05\/business-men-on-the-structure-768x513.webp 768w\" sizes=\"(max-width: 800px) 100vw, 800px\" \/>\t\t\t\t\t\t\t\t\t\t\t\t\t\t\t<\/div>\n\t\t\t\t<\/div>\n\t\t\t\t\t<\/div>\n\t\t<\/div>\n\t\t\t\t<div class=\"elementor-column elementor-col-50 elementor-top-column elementor-element elementor-element-2f22ec1\" data-id=\"2f22ec1\" data-element_type=\"column\">\n\t\t\t<div class=\"elementor-widget-wrap elementor-element-populated\">\n\t\t\t\t\t\t<div class=\"elementor-element elementor-element-dec0e6e elementor-widget elementor-widget-heading\" data-id=\"dec0e6e\" data-element_type=\"widget\" data-widget_type=\"heading.default\">\n\t\t\t\t<div class=\"elementor-widget-container\">\n\t\t\t\t\t<h2 class=\"elementor-heading-title elementor-size-default\">Choisir ce qu\u2019il y a de mieux<\/h2>\t\t\t\t<\/div>\n\t\t\t\t<\/div>\n\t\t\t\t<div class=\"elementor-element elementor-element-5db180d elementor-widget elementor-widget-text-editor\" data-id=\"5db180d\" data-element_type=\"widget\" data-widget_type=\"text-editor.default\">\n\t\t\t\t<div class=\"elementor-widget-container\">\n\t\t\t\t\t\t\t\t\t\n\nNos experts chevronn\u00e9s ont travaill\u00e9 avec des clients du monde entier dans les secteurs de l\u2019\u00e9nergie, de la fabrication, de l\u2019agroalimentaire, de la distribution, de la logistique et bien d\u2019autres encore. Nous disposons de comp\u00e9tences in\u00e9gal\u00e9es et sommes donc une valeur ajout\u00e9e pour votre entreprise. Notre expertise sectorielle nous permet de mener \u00e0 bien des travaux complexes dans les meilleurs d\u00e9lais et avec les meilleurs r\u00e9sultats possibles pour nos clients.\n\t\t\t\t\t\t\t\t<\/div>\n\t\t\t\t<\/div>\n\t\t\t\t\t<\/div>\n\t\t<\/div>\n\t\t\t\t\t<\/div>\n\t\t<\/section>\n\t\t\t\t<\/div>\n\t\t","protected":false},"excerpt":{"rendered":"<p>Leader du march\u00e9 Nous connaissons et comprenons le secteur car nous aidons de nombreux clients de diff\u00e9rents domaines \u00e0 atteindre leurs objectifs. Notre connaissance de l\u2019industrie comprend les processus essentiels et les \u00e9quipements sp\u00e9cifiques dont les entreprises ont besoin pour fonctionner dans les meilleures conditions. Comme nous avons une exp\u00e9rience pr\u00e9alable, nous pouvons facilement satisfaire [&hellip;]<\/p>\n","protected":false},"author":1,"featured_media":0,"parent":0,"menu_order":0,"comment_status":"closed","ping_status":"closed","template":"","meta":{"footnotes":""},"class_list":["post-1389","page","type-page","status-publish","hentry"],"yoast_head":"<!-- This site is optimized with the Yoast SEO plugin v25.4 - https:\/\/yoast.com\/wordpress\/plugins\/seo\/ -->\n<title>Connaissance de l\u2019industrie - ADNM<\/title>\n<meta name=\"robots\" content=\"index, follow, max-snippet:-1, max-image-preview:large, max-video-preview:-1\" \/>\n<link rel=\"canonical\" href=\"https:\/\/www.adnm.net\/fr\/connaissance-de-lindustrie\/\" \/>\n<meta property=\"og:locale\" content=\"fr_FR\" \/>\n<meta property=\"og:type\" content=\"article\" \/>\n<meta property=\"og:title\" content=\"Connaissance de l\u2019industrie - ADNM\" \/>\n<meta property=\"og:description\" content=\"Leader du march\u00e9 Nous connaissons et comprenons le secteur car nous aidons de nombreux clients de diff\u00e9rents domaines \u00e0 atteindre leurs objectifs. Notre connaissance de l\u2019industrie comprend les processus essentiels et les \u00e9quipements sp\u00e9cifiques dont les entreprises ont besoin pour fonctionner dans les meilleures conditions. Comme nous avons une exp\u00e9rience pr\u00e9alable, nous pouvons facilement satisfaire [&hellip;]\" \/>\n<meta property=\"og:url\" content=\"https:\/\/www.adnm.net\/fr\/connaissance-de-lindustrie\/\" \/>\n<meta property=\"og:site_name\" content=\"ADNM\" \/>\n<meta property=\"article:modified_time\" content=\"2022-05-09T07:06:41+00:00\" \/>\n<meta property=\"og:image\" content=\"https:\/\/www.adnm.net\/wp-content\/uploads\/2022\/05\/industry_knowledge_photo-1024x718.webp\" \/>\n<meta name=\"twitter:card\" content=\"summary_large_image\" \/>\n<meta name=\"twitter:label1\" content=\"Dur\u00e9e de lecture estim\u00e9e\" \/>\n\t<meta name=\"twitter:data1\" content=\"2 minutes\" \/>\n<script type=\"application\/ld+json\" class=\"yoast-schema-graph\">{\"@context\":\"https:\/\/schema.org\",\"@graph\":[{\"@type\":\"WebPage\",\"@id\":\"https:\/\/www.adnm.net\/fr\/connaissance-de-lindustrie\/\",\"url\":\"https:\/\/www.adnm.net\/fr\/connaissance-de-lindustrie\/\",\"name\":\"Connaissance de l\u2019industrie - ADNM\",\"isPartOf\":{\"@id\":\"https:\/\/www.adnm.net\/fr\/#website\"},\"primaryImageOfPage\":{\"@id\":\"https:\/\/www.adnm.net\/fr\/connaissance-de-lindustrie\/#primaryimage\"},\"image\":{\"@id\":\"https:\/\/www.adnm.net\/fr\/connaissance-de-lindustrie\/#primaryimage\"},\"thumbnailUrl\":\"https:\/\/www.adnm.net\/wp-content\/uploads\/2022\/05\/industry_knowledge_photo-1024x718.webp\",\"datePublished\":\"2022-05-06T05:15:57+00:00\",\"dateModified\":\"2022-05-09T07:06:41+00:00\",\"breadcrumb\":{\"@id\":\"https:\/\/www.adnm.net\/fr\/connaissance-de-lindustrie\/#breadcrumb\"},\"inLanguage\":\"fr-FR\",\"potentialAction\":[{\"@type\":\"ReadAction\",\"target\":[\"https:\/\/www.adnm.net\/fr\/connaissance-de-lindustrie\/\"]}]},{\"@type\":\"ImageObject\",\"inLanguage\":\"fr-FR\",\"@id\":\"https:\/\/www.adnm.net\/fr\/connaissance-de-lindustrie\/#primaryimage\",\"url\":\"https:\/\/www.adnm.net\/wp-content\/uploads\/2022\/05\/industry_knowledge_photo-1024x718.webp\",\"contentUrl\":\"https:\/\/www.adnm.net\/wp-content\/uploads\/2022\/05\/industry_knowledge_photo-1024x718.webp\"},{\"@type\":\"BreadcrumbList\",\"@id\":\"https:\/\/www.adnm.net\/fr\/connaissance-de-lindustrie\/#breadcrumb\",\"itemListElement\":[{\"@type\":\"ListItem\",\"position\":1,\"name\":\"ADNM\",\"item\":\"https:\/\/www.adnm.net\/fr\/\"},{\"@type\":\"ListItem\",\"position\":2,\"name\":\"Connaissance de l\u2019industrie\"}]},{\"@type\":\"WebSite\",\"@id\":\"https:\/\/www.adnm.net\/fr\/#website\",\"url\":\"https:\/\/www.adnm.net\/fr\/\",\"name\":\"ADNM\",\"description\":\"\",\"publisher\":{\"@id\":\"https:\/\/www.adnm.net\/fr\/#organization\"},\"potentialAction\":[{\"@type\":\"SearchAction\",\"target\":{\"@type\":\"EntryPoint\",\"urlTemplate\":\"https:\/\/www.adnm.net\/fr\/?s={search_term_string}\"},\"query-input\":{\"@type\":\"PropertyValueSpecification\",\"valueRequired\":true,\"valueName\":\"search_term_string\"}}],\"inLanguage\":\"fr-FR\"},{\"@type\":\"Organization\",\"@id\":\"https:\/\/www.adnm.net\/fr\/#organization\",\"name\":\"ADNM\",\"url\":\"https:\/\/www.adnm.net\/fr\/\",\"logo\":{\"@type\":\"ImageObject\",\"inLanguage\":\"fr-FR\",\"@id\":\"https:\/\/www.adnm.net\/fr\/#\/schema\/logo\/image\/\",\"url\":\"https:\/\/www.adnm.net\/wp-content\/uploads\/2022\/05\/ADNM-blue.png\",\"contentUrl\":\"https:\/\/www.adnm.net\/wp-content\/uploads\/2022\/05\/ADNM-blue.png\",\"width\":1920,\"height\":666,\"caption\":\"ADNM\"},\"image\":{\"@id\":\"https:\/\/www.adnm.net\/fr\/#\/schema\/logo\/image\/\"}}]}<\/script>\n<!-- \/ Yoast SEO plugin. -->","yoast_head_json":{"title":"Connaissance de l\u2019industrie - ADNM","robots":{"index":"index","follow":"follow","max-snippet":"max-snippet:-1","max-image-preview":"max-image-preview:large","max-video-preview":"max-video-preview:-1"},"canonical":"https:\/\/www.adnm.net\/fr\/connaissance-de-lindustrie\/","og_locale":"fr_FR","og_type":"article","og_title":"Connaissance de l\u2019industrie - ADNM","og_description":"Leader du march\u00e9 Nous connaissons et comprenons le secteur car nous aidons de nombreux clients de diff\u00e9rents domaines \u00e0 atteindre leurs objectifs. Notre connaissance de l\u2019industrie comprend les processus essentiels et les \u00e9quipements sp\u00e9cifiques dont les entreprises ont besoin pour fonctionner dans les meilleures conditions. Comme nous avons une exp\u00e9rience pr\u00e9alable, nous pouvons facilement satisfaire [&hellip;]","og_url":"https:\/\/www.adnm.net\/fr\/connaissance-de-lindustrie\/","og_site_name":"ADNM","article_modified_time":"2022-05-09T07:06:41+00:00","og_image":[{"url":"https:\/\/www.adnm.net\/wp-content\/uploads\/2022\/05\/industry_knowledge_photo-1024x718.webp","type":"","width":"","height":""}],"twitter_card":"summary_large_image","twitter_misc":{"Dur\u00e9e de lecture estim\u00e9e":"2 minutes"},"schema":{"@context":"https:\/\/schema.org","@graph":[{"@type":"WebPage","@id":"https:\/\/www.adnm.net\/fr\/connaissance-de-lindustrie\/","url":"https:\/\/www.adnm.net\/fr\/connaissance-de-lindustrie\/","name":"Connaissance de l\u2019industrie - ADNM","isPartOf":{"@id":"https:\/\/www.adnm.net\/fr\/#website"},"primaryImageOfPage":{"@id":"https:\/\/www.adnm.net\/fr\/connaissance-de-lindustrie\/#primaryimage"},"image":{"@id":"https:\/\/www.adnm.net\/fr\/connaissance-de-lindustrie\/#primaryimage"},"thumbnailUrl":"https:\/\/www.adnm.net\/wp-content\/uploads\/2022\/05\/industry_knowledge_photo-1024x718.webp","datePublished":"2022-05-06T05:15:57+00:00","dateModified":"2022-05-09T07:06:41+00:00","breadcrumb":{"@id":"https:\/\/www.adnm.net\/fr\/connaissance-de-lindustrie\/#breadcrumb"},"inLanguage":"fr-FR","potentialAction":[{"@type":"ReadAction","target":["https:\/\/www.adnm.net\/fr\/connaissance-de-lindustrie\/"]}]},{"@type":"ImageObject","inLanguage":"fr-FR","@id":"https:\/\/www.adnm.net\/fr\/connaissance-de-lindustrie\/#primaryimage","url":"https:\/\/www.adnm.net\/wp-content\/uploads\/2022\/05\/industry_knowledge_photo-1024x718.webp","contentUrl":"https:\/\/www.adnm.net\/wp-content\/uploads\/2022\/05\/industry_knowledge_photo-1024x718.webp"},{"@type":"BreadcrumbList","@id":"https:\/\/www.adnm.net\/fr\/connaissance-de-lindustrie\/#breadcrumb","itemListElement":[{"@type":"ListItem","position":1,"name":"ADNM","item":"https:\/\/www.adnm.net\/fr\/"},{"@type":"ListItem","position":2,"name":"Connaissance de l\u2019industrie"}]},{"@type":"WebSite","@id":"https:\/\/www.adnm.net\/fr\/#website","url":"https:\/\/www.adnm.net\/fr\/","name":"ADNM","description":"","publisher":{"@id":"https:\/\/www.adnm.net\/fr\/#organization"},"potentialAction":[{"@type":"SearchAction","target":{"@type":"EntryPoint","urlTemplate":"https:\/\/www.adnm.net\/fr\/?s={search_term_string}"},"query-input":{"@type":"PropertyValueSpecification","valueRequired":true,"valueName":"search_term_string"}}],"inLanguage":"fr-FR"},{"@type":"Organization","@id":"https:\/\/www.adnm.net\/fr\/#organization","name":"ADNM","url":"https:\/\/www.adnm.net\/fr\/","logo":{"@type":"ImageObject","inLanguage":"fr-FR","@id":"https:\/\/www.adnm.net\/fr\/#\/schema\/logo\/image\/","url":"https:\/\/www.adnm.net\/wp-content\/uploads\/2022\/05\/ADNM-blue.png","contentUrl":"https:\/\/www.adnm.net\/wp-content\/uploads\/2022\/05\/ADNM-blue.png","width":1920,"height":666,"caption":"ADNM"},"image":{"@id":"https:\/\/www.adnm.net\/fr\/#\/schema\/logo\/image\/"}}]}},"_links":{"self":[{"href":"https:\/\/www.adnm.net\/fr\/wp-json\/wp\/v2\/pages\/1389","targetHints":{"allow":["GET"]}}],"collection":[{"href":"https:\/\/www.adnm.net\/fr\/wp-json\/wp\/v2\/pages"}],"about":[{"href":"https:\/\/www.adnm.net\/fr\/wp-json\/wp\/v2\/types\/page"}],"author":[{"embeddable":true,"href":"https:\/\/www.adnm.net\/fr\/wp-json\/wp\/v2\/users\/1"}],"replies":[{"embeddable":true,"href":"https:\/\/www.adnm.net\/fr\/wp-json\/wp\/v2\/comments?post=1389"}],"version-history":[{"count":0,"href":"https:\/\/www.adnm.net\/fr\/wp-json\/wp\/v2\/pages\/1389\/revisions"}],"wp:attachment":[{"href":"https:\/\/www.adnm.net\/fr\/wp-json\/wp\/v2\/media?parent=1389"}],"curies":[{"name":"wp","href":"https:\/\/api.w.org\/{rel}","templated":true}]}}